{"id":81,"date":"2012-02-15T16:04:06","date_gmt":"2012-02-15T15:04:06","guid":{"rendered":"https:\/\/mbbboutique.greenshift.eu\/produit\/affiche-generique-malandain-ballet-2\/"},"modified":"2023-11-10T15:05:32","modified_gmt":"2023-11-10T14:05:32","slug":"affiche-generique-malandain-ballet-2","status":"publish","type":"product","link":"https:\/\/malandainballet.com\/boutique\/produit\/affiche-generique-malandain-ballet-2\/","title":{"rendered":"Affiche g\u00e9n\u00e9rique Malandain Ballet &#8211; 2"},"content":{"rendered":"","protected":false},"excerpt":{"rendered":"<p>Affiche g\u00e9n\u00e9rique de la compagnie Malandain Ballet Biarritz<strong>\u00a0&#8211; <\/strong>mod\u00e8le 2<\/p>\n","protected":false},"featured_media":1944,"template":"","meta":[],"product_brand":[],"product_cat":[35],"product_tag":[],"class_list":{"0":"post-81","1":"product","2":"type-product","3":"status-publish","4":"has-post-thumbnail","6":"product_cat-affiches-malandain-ballet","7":"pa_tailleaffiche-40x60cm","8":"pa_tailleaffiche-70x100cm","10":"first","11":"instock","12":"taxable","13":"shipping-taxable","14":"purchasable","15":"product-type-variable","16":"has-default-attributes"},"_links":{"self":[{"href":"https:\/\/malandainballet.com\/boutique\/wp-json\/wp\/v2\/product\/81","targetHints":{"allow":["GET"]}}],"collection":[{"href":"https:\/\/malandainballet.com\/boutique\/wp-json\/wp\/v2\/product"}],"about":[{"href":"https:\/\/malandainballet.com\/boutique\/wp-json\/wp\/v2\/types\/product"}],"wp:featuredmedia":[{"embeddable":true,"href":"https:\/\/malandainballet.com\/boutique\/wp-json\/wp\/v2\/media\/1944"}],"wp:attachment":[{"href":"https:\/\/malandainballet.com\/boutique\/wp-json\/wp\/v2\/media?parent=81"}],"wp:term":[{"taxonomy":"product_brand","embeddable":true,"href":"https:\/\/malandainballet.com\/boutique\/wp-json\/wp\/v2\/product_brand?post=81"},{"taxonomy":"product_cat","embeddable":true,"href":"https:\/\/malandainballet.com\/boutique\/wp-json\/wp\/v2\/product_cat?post=81"},{"taxonomy":"product_tag","embeddable":true,"href":"https:\/\/malandainballet.com\/boutique\/wp-json\/wp\/v2\/product_tag?post=81"}],"curies":[{"name":"wp","href":"https:\/\/api.w.org\/{rel}","templated":true}]}}