{"id":49,"date":"2011-12-16T13:57:42","date_gmt":"2011-12-16T12:57:42","guid":{"rendered":"https:\/\/mbbboutique.greenshift.eu\/produit\/dvd-ballet-magifique-malandain-ballet\/"},"modified":"2026-04-20T13:05:02","modified_gmt":"2026-04-20T11:05:02","slug":"dvd-ballet-magifique-malandain-ballet","status":"publish","type":"product","link":"https:\/\/malandainballet.com\/boutique\/produit\/dvd-ballet-magifique-malandain-ballet\/","title":{"rendered":"DVD Ballet MAGIFIQUE"},"content":{"rendered":"<p style=\"text-align: justify;\"><span style=\"font-family: arial, helvetica, sans-serif; font-size: 10pt;\"> Musique Piotr Ilitch Tcha\u00efkovski<br \/>\nMusique additionnelle Nicolas Dup\u00e9roir<br \/>\nD\u00e9cor et costumes Jorge Gallardo<br \/>\nConception lumi\u00e8re Jean-Claude Asqui\u00e9<br \/>\nR\u00e9alisation costumes V\u00e9ronique Murat<br \/>\nR\u00e9alisation masques Annie Onchalo R\u00e9alisation d\u00e9cor Alain Cazaux<br \/>\nUne coproduction Les Films Figures Libres &amp; Malandain Ballet Biarritz.<\/span><\/p>\n<p>Puisque tout spectacle se nourrit d\u2019exp\u00e9riences en m\u00eame temps qu\u2019il invente, Magifique cr\u00e9\u00e9 sur les suites d\u2019orchestre de La Belle au bois dormant, Le Lac des cygnes et Casse-Noisette de Tcha\u00efkovski, se pr\u00e9sente comme un trait d\u2019union entre le r\u00e9el et l\u2019imaginaire, entre le pass\u00e9 et le pr\u00e9sent. Au pays de nulle part, il pourrait s\u2019agir d\u2019un conte o\u00f9 le h\u00e9ros et sa part d\u2019enfance traversent une s\u00e9rie d\u2019\u00e9preuves, parcourent des contr\u00e9es gard\u00e9es par des ombres magnifi\u00e9es. Point de talisman, mais des miroirs capables de r\u00e9fl\u00e9chir la danse et les souvenirs d\u2019enfance sous \u00ab la baguette magique de l\u2019art \u00bb. Thierry Malandain<\/p>\n<p><!--EndFragment--><\/p>\n","protected":false},"excerpt":{"rendered":"<p>Un film de Sonia Paramo<\/p>\n<p>Chor\u00e9graphie de Thierry Malandain<\/p>\n<p>DVD vid\u00e9o \u2013 80 minutes<\/p>\n","protected":false},"featured_media":48,"template":"","meta":[],"product_brand":[],"product_cat":[31],"product_tag":[],"class_list":{"0":"post-49","1":"product","2":"type-product","3":"status-publish","4":"has-post-thumbnail","6":"product_cat-dvd-video-malandain-ballet","8":"first","9":"instock","10":"taxable","11":"shipping-taxable","12":"purchasable","13":"product-type-simple"},"_links":{"self":[{"href":"https:\/\/malandainballet.com\/boutique\/wp-json\/wp\/v2\/product\/49","targetHints":{"allow":["GET"]}}],"collection":[{"href":"https:\/\/malandainballet.com\/boutique\/wp-json\/wp\/v2\/product"}],"about":[{"href":"https:\/\/malandainballet.com\/boutique\/wp-json\/wp\/v2\/types\/product"}],"wp:featuredmedia":[{"embeddable":true,"href":"https:\/\/malandainballet.com\/boutique\/wp-json\/wp\/v2\/media\/48"}],"wp:attachment":[{"href":"https:\/\/malandainballet.com\/boutique\/wp-json\/wp\/v2\/media?parent=49"}],"wp:term":[{"taxonomy":"product_brand","embeddable":true,"href":"https:\/\/malandainballet.com\/boutique\/wp-json\/wp\/v2\/product_brand?post=49"},{"taxonomy":"product_cat","embeddable":true,"href":"https:\/\/malandainballet.com\/boutique\/wp-json\/wp\/v2\/product_cat?post=49"},{"taxonomy":"product_tag","embeddable":true,"href":"https:\/\/malandainballet.com\/boutique\/wp-json\/wp\/v2\/product_tag?post=49"}],"curies":[{"name":"wp","href":"https:\/\/api.w.org\/{rel}","templated":true}]}}