{"id":39,"date":"2011-12-16T12:45:34","date_gmt":"2011-12-16T11:45:34","guid":{"rendered":"https:\/\/mbbboutique.greenshift.eu\/produit\/livre-malandain-houeix\/"},"modified":"2025-08-01T10:13:51","modified_gmt":"2025-08-01T08:13:51","slug":"livre-malandain-houeix","status":"publish","type":"product","link":"https:\/\/malandainballet.com\/boutique\/produit\/livre-malandain-houeix\/","title":{"rendered":"Malandain &#8211; Houeix"},"content":{"rendered":"<p style=\"text-align: justify;\"><span style=\"background-color: white; text-align: justify;\">\u00ab\u00a0Sans doute, une photographie, est-elle un fragment du temps perdu. Mais en saisissant le mouvement dans son \u00e9lan, juste avant l\u2019oubli, le photographe habile suspend l\u2019instant pour s\u2019empresser de le reproduire. A travers cette mystification, il nous semblera pouvoir toujours go\u00fbter la saveur du pr\u00e9sent. Et rien ne le d\u00e9montre mieux que cet ouvrage, dans lequel le viseur d\u2019Olivier Houeix pare la danse d\u2019une r\u00e9alit\u00e9 qui n\u2019existe plus et que l\u2019illusion photographique enjolive.\u00a0\u00bb Thierry Malandain<\/span><\/p>\n<p class=\"p2\">208 pages couleur<\/p>\n<p class=\"p2\">Format 320 x 240 mm<\/p>\n<p class=\"p2\">Couverture rigide<\/p>\n","protected":false},"excerpt":{"rendered":"<p style=\"text-align: justify;\">Un ouvrage s\u2019appuyant sur des clich\u00e9s d\u2019Olivier Houeix. De <em>Ballet M\u00e9canique<\/em> \u00e0 <em>Lucifer<\/em>, il retrace les dix derni\u00e8res ann\u00e9es de cr\u00e9ation de Thierry Malandain dont le photographe fut le t\u00e9moin, la m\u00e9moire sensible.<\/p>\n<p>Parution\u00a0: d\u00e9cembre 2011<\/p>\n","protected":false},"featured_media":37,"template":"","meta":[],"product_brand":[],"product_cat":[34],"product_tag":[],"class_list":{"0":"post-39","1":"product","2":"type-product","3":"status-publish","4":"has-post-thumbnail","6":"product_cat-livres-malandain-ballet","8":"first","9":"instock","10":"taxable","11":"shipping-taxable","12":"purchasable","13":"product-type-simple"},"_links":{"self":[{"href":"https:\/\/malandainballet.com\/boutique\/wp-json\/wp\/v2\/product\/39","targetHints":{"allow":["GET"]}}],"collection":[{"href":"https:\/\/malandainballet.com\/boutique\/wp-json\/wp\/v2\/product"}],"about":[{"href":"https:\/\/malandainballet.com\/boutique\/wp-json\/wp\/v2\/types\/product"}],"wp:featuredmedia":[{"embeddable":true,"href":"https:\/\/malandainballet.com\/boutique\/wp-json\/wp\/v2\/media\/37"}],"wp:attachment":[{"href":"https:\/\/malandainballet.com\/boutique\/wp-json\/wp\/v2\/media?parent=39"}],"wp:term":[{"taxonomy":"product_brand","embeddable":true,"href":"https:\/\/malandainballet.com\/boutique\/wp-json\/wp\/v2\/product_brand?post=39"},{"taxonomy":"product_cat","embeddable":true,"href":"https:\/\/malandainballet.com\/boutique\/wp-json\/wp\/v2\/product_cat?post=39"},{"taxonomy":"product_tag","embeddable":true,"href":"https:\/\/malandainballet.com\/boutique\/wp-json\/wp\/v2\/product_tag?post=39"}],"curies":[{"name":"wp","href":"https:\/\/api.w.org\/{rel}","templated":true}]}}