{"id":247,"date":"2019-12-12T10:06:09","date_gmt":"2019-12-12T09:06:09","guid":{"rendered":"https:\/\/mbbboutique.greenshift.eu\/produit\/dvd-ballet-marie-antoinette\/"},"modified":"2026-04-20T13:05:02","modified_gmt":"2026-04-20T11:05:02","slug":"dvd-ballet-marie-antoinette","status":"publish","type":"product","link":"https:\/\/malandainballet.com\/boutique\/produit\/dvd-ballet-marie-antoinette\/","title":{"rendered":"DVD Ballet Marie-Antoinette"},"content":{"rendered":"<p style=\"text-align: justify;\"><span style=\"font-family: arial, helvetica, sans-serif; font-size: 10pt;\"> Musique Joseph Haydn et Christoph Willibald Gluck<br \/>\nChor\u00e9graphie Thierry Malandain<br \/>\nD\u00e9cor et costumes Jorge Gallardo<br \/>\nConception lumi\u00e8re Fran\u00e7ois Menou<br \/>\nR\u00e9alisation costumes V\u00e9ronique Murat assist\u00e9e de Charlotte Margnoux<br \/>\nCr\u00e9ation sonore Nicolas Dup\u00e9roir<br \/>\nR\u00e9alisation d\u00e9cor Fr\u00e9d\u00e9ric Vad\u00e9<br \/>\nR\u00e9alisation accessoires Annie Onchalo<br \/>\nR\u00e9alisation des coiffes Charlotte MargnouxDe\u0301signe\u0301e comme le mauvais ge\u0301nie du royaume et rendue responsable de tous ses malheurs, avant qu\u2019on emporte son corps sur une brouette, la te\u0302te entre les jambes&#8230; Marie-Antoinette, sans son insouciance, sans ses re\u0301ticences a\u0300 sa fonction de Reine, sans Trianon, sans ses favorites, ses coquetteries, ses diamants, sans les de\u0301cris de la Cour grossis par les pamphlets et les caricatures, sans la Re\u0301volution et la croyance que le sang verse\u0301 concourait au progre\u0300s, aurait certainement poursuivi son existence frivole et ne serait pas morte supplicie\u0301e. Comment une Reine adore\u0301e de tout un peuple, perdit-elle son affection avant de mourir de sa haine ? Comment celle qui incarnait le symbole de la royaute\u0301 aida-t-elle a\u0300 en pre\u0301cipiter la chute ? Un ballet ne peut re\u0301pondre a\u0300 ces questions complexes, et pour parler en toute franchise, transcrire en mouvements l\u2019histoire de l\u2019infortune\u0301e Autrichienne est un exercice pe\u0301rilleux ajoute\u0301 aux contraintes ordinaires que sont la musique, les de\u0301cors et costumes, le nombre des danseurs. Mais, depuis Andre\u0301 Gide, l\u2019on sait que \u00ab l\u2019art nai\u0302t de contrainte \u00bb. Toutefois s\u2019en affranchir oblige parfois a\u0300 emprunter une voie restrictive. C\u2019est pourquoi dans l\u2019incapacite\u0301 mate\u0301rielle de retracer le parcours de Marie-Antoinette du de\u0301but a\u0300 la fin, avons-nous choisi de limiter l\u2019action et l\u2019horizon du ballet a\u0300 Versailles. Autrement dit, d\u2019une soire\u0301e a\u0300 l\u2019autre, de sa premie\u0300re apparition sur la sce\u0300ne de l\u2019Ope\u0301ra royal jusqu\u2019a\u0300 son retrait d\u2019une come\u0301die dont elle e\u0301tait devenue \u00ab l\u2019e\u0301toile du malheur \u00bb.&lt;!&#8211;EndFragment&#8211; &gt;<br \/>\n<\/span><\/p>\n","protected":false},"excerpt":{"rendered":"<p><span style=\"font-family: arial, helvetica, sans-serif; font-size: 10pt;\"> DVD vid\u00e9o \u2013 90 minutes<br \/>\nR\u00e9alisation : Georges Flores juin 2019<br \/>\nChor\u00e9graphie : Thierry Malandain<br \/>\nBallet pour 22 danseurs<\/span><\/p>\n","protected":false},"featured_media":1853,"template":"","meta":[],"product_brand":[],"product_cat":[31],"product_tag":[],"class_list":{"0":"post-247","1":"product","2":"type-product","3":"status-publish","4":"has-post-thumbnail","6":"product_cat-dvd-video-malandain-ballet","8":"first","9":"instock","10":"taxable","11":"shipping-taxable","12":"purchasable","13":"product-type-simple"},"_links":{"self":[{"href":"https:\/\/malandainballet.com\/boutique\/wp-json\/wp\/v2\/product\/247","targetHints":{"allow":["GET"]}}],"collection":[{"href":"https:\/\/malandainballet.com\/boutique\/wp-json\/wp\/v2\/product"}],"about":[{"href":"https:\/\/malandainballet.com\/boutique\/wp-json\/wp\/v2\/types\/product"}],"wp:featuredmedia":[{"embeddable":true,"href":"https:\/\/malandainballet.com\/boutique\/wp-json\/wp\/v2\/media\/1853"}],"wp:attachment":[{"href":"https:\/\/malandainballet.com\/boutique\/wp-json\/wp\/v2\/media?parent=247"}],"wp:term":[{"taxonomy":"product_brand","embeddable":true,"href":"https:\/\/malandainballet.com\/boutique\/wp-json\/wp\/v2\/product_brand?post=247"},{"taxonomy":"product_cat","embeddable":true,"href":"https:\/\/malandainballet.com\/boutique\/wp-json\/wp\/v2\/product_cat?post=247"},{"taxonomy":"product_tag","embeddable":true,"href":"https:\/\/malandainballet.com\/boutique\/wp-json\/wp\/v2\/product_tag?post=247"}],"curies":[{"name":"wp","href":"https:\/\/api.w.org\/{rel}","templated":true}]}}