{"id":245,"date":"2019-07-23T14:40:18","date_gmt":"2019-07-23T12:40:18","guid":{"rendered":"https:\/\/mbbboutique.greenshift.eu\/produit\/livre-variations-basques\/"},"modified":"2026-02-27T07:48:47","modified_gmt":"2026-02-27T06:48:47","slug":"livre-variations-basques","status":"publish","type":"product","link":"https:\/\/malandainballet.com\/boutique\/produit\/livre-variations-basques\/","title":{"rendered":"Livre Variations Basques"},"content":{"rendered":"<p style=\"text-align: justify;\"><span style=\"font-family: arial, helvetica, sans-serif; font-size: 10pt;\"> Variations Basques est port\u00e9 par le Centre Chor\u00e9graphique National de Nouvelle-Aquitaine en Pyr\u00e9n\u00e9es-Atlantiques, Malandain Ballet Biarritz et b\u00e9n\u00e9ficie du soutien du Fonds de dotation Thierry Malandain pour la Danse, de la ville de Biarritz et de la Communaut\u00e9 d\u2019Agglom\u00e9ration Pays Basque Euskal Hirigune Elkargoa.<br \/>\n<\/span><\/p>\n<p style=\"text-align: justify;\"><span style=\"font-family: arial, helvetica, sans-serif; font-size: 10pt;\">Nous remercions tout particuli\u00e8rement pour la r\u00e9alisation de cet ouvrage : L\u2019Institut Culturel Basque Euskal Kultur Erakundea.<\/span><\/p>\n<p><!--EndFragment--><\/p>\n","protected":false},"excerpt":{"rendered":"<p>&nbsp;<\/p>\n<p>Costumes de f\u00eate et de danse<\/p>\n<p>Texte : Serge Gleizes<\/p>\n<p>Photographies : V\u00e9ronique Mati<\/p>\n<p>Sous la direction de : la Compagnie Maritzuli Konpainia<\/p>\n","protected":false},"featured_media":244,"template":"","meta":[],"product_brand":[],"product_cat":[34],"product_tag":[],"class_list":{"0":"post-245","1":"product","2":"type-product","3":"status-publish","4":"has-post-thumbnail","6":"product_cat-livres-malandain-ballet","8":"first","9":"instock","10":"taxable","11":"shipping-taxable","12":"purchasable","13":"product-type-simple"},"_links":{"self":[{"href":"https:\/\/malandainballet.com\/boutique\/wp-json\/wp\/v2\/product\/245","targetHints":{"allow":["GET"]}}],"collection":[{"href":"https:\/\/malandainballet.com\/boutique\/wp-json\/wp\/v2\/product"}],"about":[{"href":"https:\/\/malandainballet.com\/boutique\/wp-json\/wp\/v2\/types\/product"}],"wp:featuredmedia":[{"embeddable":true,"href":"https:\/\/malandainballet.com\/boutique\/wp-json\/wp\/v2\/media\/244"}],"wp:attachment":[{"href":"https:\/\/malandainballet.com\/boutique\/wp-json\/wp\/v2\/media?parent=245"}],"wp:term":[{"taxonomy":"product_brand","embeddable":true,"href":"https:\/\/malandainballet.com\/boutique\/wp-json\/wp\/v2\/product_brand?post=245"},{"taxonomy":"product_cat","embeddable":true,"href":"https:\/\/malandainballet.com\/boutique\/wp-json\/wp\/v2\/product_cat?post=245"},{"taxonomy":"product_tag","embeddable":true,"href":"https:\/\/malandainballet.com\/boutique\/wp-json\/wp\/v2\/product_tag?post=245"}],"curies":[{"name":"wp","href":"https:\/\/api.w.org\/{rel}","templated":true}]}}