{"id":2213,"date":"2025-06-06T17:43:36","date_gmt":"2025-06-06T15:43:36","guid":{"rendered":"https:\/\/malandainballet.com\/boutique\/?post_type=product&#038;p=2213"},"modified":"2026-02-11T17:14:01","modified_gmt":"2026-02-11T16:14:01","slug":"cartes-de-creation","status":"publish","type":"product","link":"https:\/\/malandainballet.com\/boutique\/produit\/cartes-de-creation\/","title":{"rendered":"Cartes de cr\u00e9ation"},"content":{"rendered":"<p><em>A la plume et \u00e0 l\u2019aquarelle, Laurence de Vellou interpr\u00e8te ce qui \u00e9mane des chor\u00e9graphies de Thierry Malandain, au fil des spectacles. \u00a0\u00a0<\/em><\/p>\n<p><em>Ces cartes d\u2019art sont la reproduction fid\u00e8le de\u00a0ses croquis. <\/em><\/p>\n<p><em>Un\u00a0condens\u00e9\u00a0d&#8217;\u00e9motions\u00a0\u00e0 garder ou \u00e0\u00a0partager.\u00a0<\/em><\/p>\n<p>Format : 15 x 15 cm<\/p>\n<p>Papier : 320gr<\/p>\n","protected":false},"excerpt":{"rendered":"<p>A la plume et \u00e0 l\u2019aquarelle, Laurence de Vellou interpr\u00e8te ce qui \u00e9mane des chor\u00e9graphies de Thierry Malandain, au fil&#8230;<\/p>\n","protected":false},"featured_media":2218,"template":"","meta":[],"product_brand":[],"product_cat":[34],"product_tag":[],"class_list":{"0":"post-2213","1":"product","2":"type-product","3":"status-publish","4":"has-post-thumbnail","6":"product_cat-livres-malandain-ballet","8":"first","9":"instock","10":"taxable","11":"shipping-taxable","12":"purchasable","13":"product-type-simple"},"_links":{"self":[{"href":"https:\/\/malandainballet.com\/boutique\/wp-json\/wp\/v2\/product\/2213","targetHints":{"allow":["GET"]}}],"collection":[{"href":"https:\/\/malandainballet.com\/boutique\/wp-json\/wp\/v2\/product"}],"about":[{"href":"https:\/\/malandainballet.com\/boutique\/wp-json\/wp\/v2\/types\/product"}],"wp:featuredmedia":[{"embeddable":true,"href":"https:\/\/malandainballet.com\/boutique\/wp-json\/wp\/v2\/media\/2218"}],"wp:attachment":[{"href":"https:\/\/malandainballet.com\/boutique\/wp-json\/wp\/v2\/media?parent=2213"}],"wp:term":[{"taxonomy":"product_brand","embeddable":true,"href":"https:\/\/malandainballet.com\/boutique\/wp-json\/wp\/v2\/product_brand?post=2213"},{"taxonomy":"product_cat","embeddable":true,"href":"https:\/\/malandainballet.com\/boutique\/wp-json\/wp\/v2\/product_cat?post=2213"},{"taxonomy":"product_tag","embeddable":true,"href":"https:\/\/malandainballet.com\/boutique\/wp-json\/wp\/v2\/product_tag?post=2213"}],"curies":[{"name":"wp","href":"https:\/\/api.w.org\/{rel}","templated":true}]}}