{"id":208,"date":"2013-12-11T16:28:19","date_gmt":"2013-12-11T15:28:19","guid":{"rendered":"https:\/\/mbbboutique.greenshift.eu\/produit\/dvd-ballet-soiree-de-ballets-malandain-ballet\/"},"modified":"2025-06-11T17:21:23","modified_gmt":"2025-06-11T15:21:23","slug":"dvd-ballet-soiree-de-ballets-malandain-ballet","status":"publish","type":"product","link":"https:\/\/malandainballet.com\/boutique\/produit\/dvd-ballet-soiree-de-ballets-malandain-ballet\/","title":{"rendered":"DVD Ballet SOIREE de BALLETS"},"content":{"rendered":"<p style=\"text-align: justify;\">Malandain Ballet Biarritz propose un floril\u00e8ge d\u2019\u0153uvres majeures chor\u00e9graphi\u00e9es par Thierry Malandain : <em>Une Derni\u00e8re chanson, l&#8217;Apr\u00e8s-midi d&#8217;un faune<\/em> et <em>le Spectre de la rose<\/em>. \u00a0Un spectacle exceptionnel empreint de puissance, de virtuosit\u00e9, et de sensualit\u00e9 ! <em>Une Derni\u00e8re chanson <\/em>a re\u00e7u le Grand Prix de la Critique en 2012.<\/p>\n","protected":false},"excerpt":{"rendered":"<p>&nbsp;<\/p>\n<p>DVD vid\u00e9o \u2013 80 minutes<\/p>\n<p>Un film de Sonia Paramo<\/p>\n<p>Chor\u00e9graphie de Thierry Malandain<\/p>\n<p>Musique : Hector Berlioz<\/p>\n","protected":false},"featured_media":207,"template":"","meta":[],"product_brand":[],"product_cat":[31],"product_tag":[],"class_list":{"0":"post-208","1":"product","2":"type-product","3":"status-publish","4":"has-post-thumbnail","6":"product_cat-dvd-video-malandain-ballet","8":"first","9":"instock","10":"taxable","11":"shipping-taxable","12":"purchasable","13":"product-type-simple"},"_links":{"self":[{"href":"https:\/\/malandainballet.com\/boutique\/wp-json\/wp\/v2\/product\/208","targetHints":{"allow":["GET"]}}],"collection":[{"href":"https:\/\/malandainballet.com\/boutique\/wp-json\/wp\/v2\/product"}],"about":[{"href":"https:\/\/malandainballet.com\/boutique\/wp-json\/wp\/v2\/types\/product"}],"wp:featuredmedia":[{"embeddable":true,"href":"https:\/\/malandainballet.com\/boutique\/wp-json\/wp\/v2\/media\/207"}],"wp:attachment":[{"href":"https:\/\/malandainballet.com\/boutique\/wp-json\/wp\/v2\/media?parent=208"}],"wp:term":[{"taxonomy":"product_brand","embeddable":true,"href":"https:\/\/malandainballet.com\/boutique\/wp-json\/wp\/v2\/product_brand?post=208"},{"taxonomy":"product_cat","embeddable":true,"href":"https:\/\/malandainballet.com\/boutique\/wp-json\/wp\/v2\/product_cat?post=208"},{"taxonomy":"product_tag","embeddable":true,"href":"https:\/\/malandainballet.com\/boutique\/wp-json\/wp\/v2\/product_tag?post=208"}],"curies":[{"name":"wp","href":"https:\/\/api.w.org\/{rel}","templated":true}]}}