{"id":206,"date":"2013-12-11T16:12:58","date_gmt":"2013-12-11T15:12:58","guid":{"rendered":"https:\/\/mbbboutique.greenshift.eu\/produit\/dvd-ballet-romeo-et-juliette-malandain-ballet-2\/"},"modified":"2025-06-11T17:17:12","modified_gmt":"2025-06-11T15:17:12","slug":"dvd-ballet-romeo-et-juliette-malandain-ballet-2","status":"publish","type":"product","link":"https:\/\/malandainballet.com\/boutique\/produit\/dvd-ballet-romeo-et-juliette-malandain-ballet-2\/","title":{"rendered":"DVD Ballet ROMEO et JULIETTE"},"content":{"rendered":"<p>Musique Hector Berlioz<\/p>\n<p>Costumes Jorge Gallardo &#8211; V\u00e9ronique Murat<\/p>\n<p>Conception lumi\u00e8re Jean-Claude Asqui\u00e9<\/p>\n<p>R\u00e9alisation d\u00e9cor Annie Onchalo et Nelly Geyr\u00e8s<\/p>\n<p>Une coproduction Les Films Figures Libres &amp; amp; Malandain Ballet Biarritz<\/p>\n<p style=\"text-align: justify;\">Rom\u00e9o et Juliette, c\u2019est \u00e9videmment la haine s\u00e9culaire existant entre les deux familles les plus puissantes de V\u00e9rone, les Montaigu et les Capulet. C\u2019est aussi, bien s\u00fbr, le sort funeste de deux amants innocents. S\u2019appuyant sur la \u00ab Symphonie dramatique \u00bb d\u2019Hector Berlioz, Thierry Malandain s\u2019empare de cette histoire d\u2019amour et de mort mythique entre toutes, pour soulever la pierre de ce r\u00eave qui \u00e9tait trop beau.<\/p>\n","protected":false},"excerpt":{"rendered":"<p><span style=\"font-family: arial, helvetica, sans-serif; font-size: 10pt;\"> DVD vid\u00e9o \u2013 80 minutes<br \/>\nR\u00e9alisation : Sonia Parano &#8211; 2010<br \/>\nChor\u00e9graphie : Thierry Malandain<br \/>\nMusique : Hector Berlioz<br \/>\nBallet pour 18 danseurs<\/span><\/p>\n<p><!--EndFragment--><\/p>\n","protected":false},"featured_media":205,"template":"","meta":[],"product_brand":[],"product_cat":[31],"product_tag":[],"class_list":{"0":"post-206","1":"product","2":"type-product","3":"status-publish","4":"has-post-thumbnail","6":"product_cat-dvd-video-malandain-ballet","8":"first","9":"instock","10":"taxable","11":"shipping-taxable","12":"purchasable","13":"product-type-simple"},"_links":{"self":[{"href":"https:\/\/malandainballet.com\/boutique\/wp-json\/wp\/v2\/product\/206","targetHints":{"allow":["GET"]}}],"collection":[{"href":"https:\/\/malandainballet.com\/boutique\/wp-json\/wp\/v2\/product"}],"about":[{"href":"https:\/\/malandainballet.com\/boutique\/wp-json\/wp\/v2\/types\/product"}],"wp:featuredmedia":[{"embeddable":true,"href":"https:\/\/malandainballet.com\/boutique\/wp-json\/wp\/v2\/media\/205"}],"wp:attachment":[{"href":"https:\/\/malandainballet.com\/boutique\/wp-json\/wp\/v2\/media?parent=206"}],"wp:term":[{"taxonomy":"product_brand","embeddable":true,"href":"https:\/\/malandainballet.com\/boutique\/wp-json\/wp\/v2\/product_brand?post=206"},{"taxonomy":"product_cat","embeddable":true,"href":"https:\/\/malandainballet.com\/boutique\/wp-json\/wp\/v2\/product_cat?post=206"},{"taxonomy":"product_tag","embeddable":true,"href":"https:\/\/malandainballet.com\/boutique\/wp-json\/wp\/v2\/product_tag?post=206"}],"curies":[{"name":"wp","href":"https:\/\/api.w.org\/{rel}","templated":true}]}}