{"id":202,"date":"2013-07-16T14:38:28","date_gmt":"2013-07-16T12:38:28","guid":{"rendered":"https:\/\/mbbboutique.greenshift.eu\/produit\/livre-malandain-ballet-biarritz\/"},"modified":"2026-02-11T10:53:48","modified_gmt":"2026-02-11T09:53:48","slug":"livre-malandain-ballet-biarritz","status":"publish","type":"product","link":"https:\/\/malandainballet.com\/boutique\/produit\/livre-malandain-ballet-biarritz\/","title":{"rendered":"Livre Malandain Ballet Biarritz"},"content":{"rendered":"<p style=\"text-align: justify;\">Jacques Pavlovsky, photo-reporter de l\u2019agence Sygma dont l\u2019objectif a saisi un peu tous les soubresauts de la plan\u00e8te, a fix\u00e9 les mouvements du CCN entre 1998 et 2000. Familier du Ballet Biarritz, il donne dans cet album, l\u2019image des \u00e9motions chor\u00e9graphiques qui furent les siennes.<\/p>\n<p>79 pages<\/p>\n<p>Format 210 x 300 mm<\/p>\n","protected":false},"excerpt":{"rendered":"<p style=\"text-align: justify;\">\u00ab\u00a0&#8230; En quelques images, Jacques Pavlovsky s\u2019empare du souffle de la danse et le propulse, m\u00e9tamorphos\u00e9&#8230; Des instants pr\u00e9cieux, cueillis d\u2019un d\u00e9clic juste avant l\u2019oubli \u00bb. Thierry Malandain<\/p>\n<p style=\"text-align: justify;\">Livre photos Noir et Blanc<\/p>\n<p style=\"text-align: justify;\">Parution\u00a0: 2002<\/p>\n","protected":false},"featured_media":1863,"template":"","meta":[],"product_brand":[],"product_cat":[34],"product_tag":[],"class_list":{"0":"post-202","1":"product","2":"type-product","3":"status-publish","4":"has-post-thumbnail","6":"product_cat-livres-malandain-ballet","7":"pa_langue-basqueespagnol","8":"pa_langue-francaisanglais","10":"first","11":"instock","12":"taxable","13":"shipping-taxable","14":"purchasable","15":"product-type-variable","16":"has-default-attributes"},"_links":{"self":[{"href":"https:\/\/malandainballet.com\/boutique\/wp-json\/wp\/v2\/product\/202","targetHints":{"allow":["GET"]}}],"collection":[{"href":"https:\/\/malandainballet.com\/boutique\/wp-json\/wp\/v2\/product"}],"about":[{"href":"https:\/\/malandainballet.com\/boutique\/wp-json\/wp\/v2\/types\/product"}],"wp:featuredmedia":[{"embeddable":true,"href":"https:\/\/malandainballet.com\/boutique\/wp-json\/wp\/v2\/media\/1863"}],"wp:attachment":[{"href":"https:\/\/malandainballet.com\/boutique\/wp-json\/wp\/v2\/media?parent=202"}],"wp:term":[{"taxonomy":"product_brand","embeddable":true,"href":"https:\/\/malandainballet.com\/boutique\/wp-json\/wp\/v2\/product_brand?post=202"},{"taxonomy":"product_cat","embeddable":true,"href":"https:\/\/malandainballet.com\/boutique\/wp-json\/wp\/v2\/product_cat?post=202"},{"taxonomy":"product_tag","embeddable":true,"href":"https:\/\/malandainballet.com\/boutique\/wp-json\/wp\/v2\/product_tag?post=202"}],"curies":[{"name":"wp","href":"https:\/\/api.w.org\/{rel}","templated":true}]}}