{"id":188,"date":"2013-07-16T11:31:10","date_gmt":"2013-07-16T09:31:10","guid":{"rendered":"https:\/\/mbbboutique.greenshift.eu\/produit\/bolero-70x100-cm\/"},"modified":"2013-07-16T11:31:10","modified_gmt":"2013-07-16T09:31:10","slug":"bolero-70x100-cm","status":"publish","type":"product","link":"https:\/\/malandainballet.com\/boutique\/produit\/bolero-70x100-cm\/","title":{"rendered":"Bol\u00e9ro 70X100 cm"},"content":{"rendered":"<p>Impression de la photo du ballet Bol\u00e9ro 70&#215;100 cm support Altuglass<\/p>\n","protected":false},"excerpt":{"rendered":"<p>Photo 70X100 cm de Olivier Houeix du ballet Bol\u00e9ro r\u00e9alis\u00e9 par Thierry Malandain &#8211; Compagnie Malandain Ballet de Biarritz<\/p>\n","protected":false},"featured_media":187,"template":"","meta":[],"product_brand":[],"product_cat":[37],"product_tag":[],"class_list":{"0":"post-188","1":"product","2":"type-product","3":"status-publish","4":"has-post-thumbnail","6":"product_cat-photos","8":"first","9":"instock","10":"taxable","11":"shipping-taxable","12":"purchasable","13":"product-type-simple"},"_links":{"self":[{"href":"https:\/\/malandainballet.com\/boutique\/wp-json\/wp\/v2\/product\/188","targetHints":{"allow":["GET"]}}],"collection":[{"href":"https:\/\/malandainballet.com\/boutique\/wp-json\/wp\/v2\/product"}],"about":[{"href":"https:\/\/malandainballet.com\/boutique\/wp-json\/wp\/v2\/types\/product"}],"wp:featuredmedia":[{"embeddable":true,"href":"https:\/\/malandainballet.com\/boutique\/wp-json\/wp\/v2\/media\/187"}],"wp:attachment":[{"href":"https:\/\/malandainballet.com\/boutique\/wp-json\/wp\/v2\/media?parent=188"}],"wp:term":[{"taxonomy":"product_brand","embeddable":true,"href":"https:\/\/malandainballet.com\/boutique\/wp-json\/wp\/v2\/product_brand?post=188"},{"taxonomy":"product_cat","embeddable":true,"href":"https:\/\/malandainballet.com\/boutique\/wp-json\/wp\/v2\/product_cat?post=188"},{"taxonomy":"product_tag","embeddable":true,"href":"https:\/\/malandainballet.com\/boutique\/wp-json\/wp\/v2\/product_tag?post=188"}],"curies":[{"name":"wp","href":"https:\/\/api.w.org\/{rel}","templated":true}]}}