{"id":158,"date":"2013-07-16T11:31:10","date_gmt":"2013-07-16T09:31:10","guid":{"rendered":"https:\/\/mbbboutique.greenshift.eu\/produit\/romeo-et-juliette-n3\/"},"modified":"2013-07-16T11:31:10","modified_gmt":"2013-07-16T09:31:10","slug":"romeo-et-juliette-n3","status":"publish","type":"product","link":"https:\/\/malandainballet.com\/boutique\/produit\/romeo-et-juliette-n3\/","title":{"rendered":"Rom\u00e9o et Juliette n\u00b03"},"content":{"rendered":"<p>Impression de la photo n\u00b03 du ballet Rom\u00e9o et Juliette 50&#215;50 cm support Altuglass ou 40&#215;40 cm support Alu Dibon<\/p>\n","protected":false},"excerpt":{"rendered":"<p>Photo de Olivier Houeix du ballet Rom\u00e9o et Juliette r\u00e9alis\u00e9 par Thierry Malandain &#8211; Daniel Vizcayo &amp; Arnaud Mahouy<\/p>\n","protected":false},"featured_media":157,"template":"","meta":[],"product_brand":[],"product_cat":[37],"product_tag":[],"class_list":{"0":"post-158","1":"product","2":"type-product","3":"status-publish","4":"has-post-thumbnail","6":"product_cat-photos","7":"pa_qualitephotos-altuglas50x50cm","8":"pa_qualitephotos-aludibon40x40cm","10":"first","11":"instock","12":"taxable","13":"shipping-taxable","14":"purchasable","15":"product-type-variable","16":"has-default-attributes"},"_links":{"self":[{"href":"https:\/\/malandainballet.com\/boutique\/wp-json\/wp\/v2\/product\/158","targetHints":{"allow":["GET"]}}],"collection":[{"href":"https:\/\/malandainballet.com\/boutique\/wp-json\/wp\/v2\/product"}],"about":[{"href":"https:\/\/malandainballet.com\/boutique\/wp-json\/wp\/v2\/types\/product"}],"wp:featuredmedia":[{"embeddable":true,"href":"https:\/\/malandainballet.com\/boutique\/wp-json\/wp\/v2\/media\/157"}],"wp:attachment":[{"href":"https:\/\/malandainballet.com\/boutique\/wp-json\/wp\/v2\/media?parent=158"}],"wp:term":[{"taxonomy":"product_brand","embeddable":true,"href":"https:\/\/malandainballet.com\/boutique\/wp-json\/wp\/v2\/product_brand?post=158"},{"taxonomy":"product_cat","embeddable":true,"href":"https:\/\/malandainballet.com\/boutique\/wp-json\/wp\/v2\/product_cat?post=158"},{"taxonomy":"product_tag","embeddable":true,"href":"https:\/\/malandainballet.com\/boutique\/wp-json\/wp\/v2\/product_tag?post=158"}],"curies":[{"name":"wp","href":"https:\/\/api.w.org\/{rel}","templated":true}]}}