{"id":125,"date":"2013-07-16T11:31:10","date_gmt":"2013-07-16T09:31:10","guid":{"rendered":"https:\/\/mbbboutique.greenshift.eu\/produit\/les-creatures\/"},"modified":"2013-07-16T11:31:10","modified_gmt":"2013-07-16T09:31:10","slug":"les-creatures","status":"publish","type":"product","link":"https:\/\/malandainballet.com\/boutique\/produit\/les-creatures\/","title":{"rendered":"Les Cr\u00e9atures"},"content":{"rendered":"<p>Impression de la photo du ballet Les cr\u00e9atures 50&#215;50 cm support Altuglass ou 40&#215;40 cm support Alu Dibon<\/p>\n","protected":false},"excerpt":{"rendered":"<p>Photo de Olivier Houeix du ballet Les cr\u00e9atures r\u00e9alis\u00e9 par Thierry Malandain &#8211; Compagnie Malandain Ballet de Biarritz<\/p>\n","protected":false},"featured_media":124,"template":"","meta":[],"product_brand":[],"product_cat":[37],"product_tag":[],"class_list":{"0":"post-125","1":"product","2":"type-product","3":"status-publish","4":"has-post-thumbnail","6":"product_cat-photos","7":"pa_qualitephotos-altuglas50x50cm","8":"pa_qualitephotos-aludibon40x40cm","10":"first","11":"instock","12":"taxable","13":"shipping-taxable","14":"purchasable","15":"product-type-variable","16":"has-default-attributes"},"_links":{"self":[{"href":"https:\/\/malandainballet.com\/boutique\/wp-json\/wp\/v2\/product\/125","targetHints":{"allow":["GET"]}}],"collection":[{"href":"https:\/\/malandainballet.com\/boutique\/wp-json\/wp\/v2\/product"}],"about":[{"href":"https:\/\/malandainballet.com\/boutique\/wp-json\/wp\/v2\/types\/product"}],"wp:featuredmedia":[{"embeddable":true,"href":"https:\/\/malandainballet.com\/boutique\/wp-json\/wp\/v2\/media\/124"}],"wp:attachment":[{"href":"https:\/\/malandainballet.com\/boutique\/wp-json\/wp\/v2\/media?parent=125"}],"wp:term":[{"taxonomy":"product_brand","embeddable":true,"href":"https:\/\/malandainballet.com\/boutique\/wp-json\/wp\/v2\/product_brand?post=125"},{"taxonomy":"product_cat","embeddable":true,"href":"https:\/\/malandainballet.com\/boutique\/wp-json\/wp\/v2\/product_cat?post=125"},{"taxonomy":"product_tag","embeddable":true,"href":"https:\/\/malandainballet.com\/boutique\/wp-json\/wp\/v2\/product_tag?post=125"}],"curies":[{"name":"wp","href":"https:\/\/api.w.org\/{rel}","templated":true}]}}