{"id":9,"date":"2011-11-30T14:40:03","date_gmt":"2011-11-30T13:40:03","guid":{"rendered":"https:\/\/mbbboutique.greenshift.eu\/2011\/11\/30\/paiement-securise\/"},"modified":"2023-11-17T15:45:33","modified_gmt":"2023-11-17T14:45:33","slug":"paiement-securise","status":"publish","type":"page","link":"https:\/\/malandainballet.com\/boutique\/paiement-securise\/","title":{"rendered":"Paiement s\u00e9curis\u00e9"},"content":{"rendered":"<h3 style=\"text-align: left;\">Paiement s\u00e9curis\u00e9<\/h3>\n<h5 style=\"text-align: left;\">1 &#8211; Cryptage SSL<\/h5>\n<p style=\"text-align: left;\">Sur malandainballet-boutique.com, tous les paiements par cartes bancaires sont s\u00e9curis\u00e9s par cryptage SSL (Secure Socket Layers). Les r\u00e8glements par carte transitent uniquement entre vous et la banque, sans interm\u00e9diaire. Pour tout refus de r\u00e8glement, contactez votre \u00e9tablissement bancaire. Nous n&#8217;avons pas acc\u00e8s aux informations confidentielles vous concernant.<\/p>\n<h5 style=\"text-align: left;\">2 &#8211; Protection de vos informations personnelles<\/h5>\n<p style=\"text-align: left;\">Toutes vos informations personnelles (nom, adresse, num\u00e9ro de votre carte de cr\u00e9dit et num\u00e9ro de contr\u00f4le) sont crypt\u00e9es afin de les prot\u00e9ger. Elles ne circulent jamais en clair sur Internet. Pour tout refus de r\u00e8glement, contactez votre \u00e9tablissement bancaire. Nous n&#8217;avons pas acc\u00e8s aux informations confidentielles vous concernant. Attention : notre syst\u00e8me de paiement s\u00e9curis\u00e9 ne vous permet pas de r\u00e9gler en plusieurs fois.<\/p>\n<h5 style=\"text-align: left;\">3 &#8211; Comment v\u00e9rifier que vous \u00eates bien sur une page de paiement s\u00e9curis\u00e9<\/h5>\n<p style=\"text-align: left;\">Vous pouvez v\u00e9rifier que l&#8217;interface de paiement est r\u00e9ellement s\u00e9curis\u00e9e en contr\u00f4lant les deux points suivants (informations valables pour tous les sites commerciaux \u00e0 paiement s\u00e9curis\u00e9) :<\/p>\n<p style=\"padding-left: 30px; text-align: left;\">1 &#8211; Une adresse de page commen\u00e7ant par https:\/\/&#8230;<\/p>\n<p style=\"padding-left: 30px; text-align: left;\">2 &#8211; La pr\u00e9sence d&#8217;un symbole &#8220;cadenas&#8221; en bas de l&#8217;\u00e9cran de votre navigateur web<\/p>\n","protected":false},"excerpt":{"rendered":"<p>Paiement s\u00e9curis\u00e9 1 &#8211; Cryptage SSL Sur malandainballet-boutique.com, tous les paiements par cartes bancaires sont s\u00e9curis\u00e9s par cryptage SSL (Secure&#8230;<\/p>\n","protected":false},"author":1,"featured_media":0,"parent":0,"menu_order":3,"comment_status":"closed","ping_status":"open","template":"","meta":{"footnotes":""},"class_list":["post-9","page","type-page","status-publish","hentry"],"_links":{"self":[{"href":"https:\/\/malandainballet.com\/boutique\/wp-json\/wp\/v2\/pages\/9","targetHints":{"allow":["GET"]}}],"collection":[{"href":"https:\/\/malandainballet.com\/boutique\/wp-json\/wp\/v2\/pages"}],"about":[{"href":"https:\/\/malandainballet.com\/boutique\/wp-json\/wp\/v2\/types\/page"}],"author":[{"embeddable":true,"href":"https:\/\/malandainballet.com\/boutique\/wp-json\/wp\/v2\/users\/1"}],"replies":[{"embeddable":true,"href":"https:\/\/malandainballet.com\/boutique\/wp-json\/wp\/v2\/comments?post=9"}],"version-history":[{"count":4,"href":"https:\/\/malandainballet.com\/boutique\/wp-json\/wp\/v2\/pages\/9\/revisions"}],"predecessor-version":[{"id":2041,"href":"https:\/\/malandainballet.com\/boutique\/wp-json\/wp\/v2\/pages\/9\/revisions\/2041"}],"wp:attachment":[{"href":"https:\/\/malandainballet.com\/boutique\/wp-json\/wp\/v2\/media?parent=9"}],"curies":[{"name":"wp","href":"https:\/\/api.w.org\/{rel}","templated":true}]}}