{"id":8,"date":"2011-11-30T14:40:03","date_gmt":"2011-11-30T13:40:03","guid":{"rendered":"https:\/\/mbbboutique.greenshift.eu\/2011\/11\/30\/conditions-d-utilisation\/"},"modified":"2023-11-17T15:48:26","modified_gmt":"2023-11-17T14:48:26","slug":"conditions-d-utilisation","status":"publish","type":"page","link":"https:\/\/malandainballet.com\/boutique\/conditions-d-utilisation\/","title":{"rendered":"Conditions d&#8217;utilisation"},"content":{"rendered":"<h3 style=\"text-align: left;\">Conditions G\u00e9n\u00e9rales de Vente<\/h3>\n<h5 style=\"text-align: left;\">Article 1. Champs d\u2019application et modification des conditions g\u00e9n\u00e9rales de vente<\/h5>\n<p style=\"text-align: left;\">Les pr\u00e9sentes conditions g\u00e9n\u00e9rales de vente s&#8217;appliquent \u00e0 toute commande pass\u00e9e sur le site Internet www.malandainballet.com<\/p>\n<p style=\"text-align: left;\">Malandain Ballet Biarritz se r\u00e9serve le droit d&#8217;adapter ou de modifier \u00e0 tout moment les pr\u00e9sentes conditions g\u00e9n\u00e9rales de vente. En cas de modification, il sera appliqu\u00e9 \u00e0 chaque commande les conditions g\u00e9n\u00e9rales de ventes en vigueur au jour de la commande.<\/p>\n<h5 style=\"text-align: left;\">Article 2. Disponibilit\u00e9 des produits<\/h5>\n<p style=\"text-align: left;\">Nos offres de produits sont valables dans la limite des stocks disponibles.<\/p>\n<p style=\"text-align: left;\">A r\u00e9ception de votre commande, nous v\u00e9rifions la disponibilit\u00e9 du (ou des) produit(s) command\u00e9(s). En cas d&#8217;indisponibilit\u00e9, nous nous engageons dans les 30 jours \u00e0 compter de la validation de la commande soit \u00e0 vous livrer le produit command\u00e9 soit \u00e0 vous proposer un produit similaire \u00e0 un prix similaire soit \u00e0 vous le rembourser.<\/p>\n<p style=\"text-align: left;\">La date de validation de la commande correspond \u00e0 :<\/p>\n<p style=\"text-align: left;\">\u00a0\u00a0 \u00a0\u2022 \u00a0 \u00a0l\u2019acceptation de votre commande par notre assurance de paiement<\/p>\n<p style=\"text-align: left;\">\u00a0\u00a0 \u00a0\u2022 \u00a0 \u00a0en cas de rupture de stock sur tout ou partie de votre commande nous vous exp\u00e9dierons les produits disponibles et vous informerons des solutions possibles pour le ou les produits manquants.<\/p>\n<h5 style=\"text-align: left;\">Article 3 : Prix<\/h5>\n<p style=\"text-align: left;\">Malandain Ballet Biarritz se r\u00e9serve le droit de modifier ses prix \u00e0 tout moment mais s&#8217;engage cependant \u00e0 appliquer le tarif en vigueur qui vous aura \u00e9t\u00e9 indiqu\u00e9 lors de la validation de votre commande, sous r\u00e9serve de disponibilit\u00e9 du produit \u00e0 cette date.<\/p>\n<h5 style=\"text-align: left;\">Article 4 : Modalit\u00e9s de paiement et s\u00e9curit\u00e9 :<\/h5>\n<p style=\"text-align: left;\">1- Modalit\u00e9s de paiement :<\/p>\n<p style=\"text-align: left;\">Vous pouvez effectuer le r\u00e8glement :<\/p>\n<p style=\"text-align: left; padding-left: 30px;\">\u00a0\u00a0 \u00a0\u25e6\u00a0\u00a0 \u00a0par carte bancaire : aucune information bancaire vous concernant ne transite via le site de Malandain Ballet Biarritz. Les paiements par carte bancaire sont donc parfaitement s\u00e9curis\u00e9s ; votre commande sera valid\u00e9e d\u00e8s l&#8217;acceptation du paiement par notre service bancaire<\/p>\n<p style=\"text-align: left; padding-left: 30px;\">\u00a0\u00a0 \u00a0\u25e6\u00a0\u00a0 \u00a0par ch\u00e8que : nous envoyer un ch\u00e8que \u00e0 l\u2019ordre de Malandain Ballet Biarritz \u00e0 l\u2019adresse suivante\u00a0:<\/p>\n<p style=\"text-align: left; padding-left: 30px;\">Malandain Ballet Biarritz<br \/>\nGare du Midi<br \/>\n23, avenue Mar\u00e9chal Foch<br \/>\n64200 Biarritz<\/p>\n<p style=\"text-align: left; padding-left: 30px;\">Dans le souci d&#8217;un traitement plus efficace de votre commande, nous vous demandons de bien vouloir joindre une copie de votre confirmation de commande \u00e0 votre ch\u00e8que.Votre commande n&#8217;est valid\u00e9e et trait\u00e9e qu&#8217;\u00e0 r\u00e9ception de votre ch\u00e8que. De ce fait, Malandain Ballet Biarritz ne peut vous garantir la disponibilit\u00e9 de votre produit \u00e0 r\u00e9ception de votre ch\u00e8que.<\/p>\n<p style=\"text-align: left;\">2- S\u00e9curisation :<\/p>\n<p style=\"text-align: left;\">Les donn\u00e9es de votre carte de cr\u00e9dit sont crypt\u00e9es gr\u00e2ce au protocole SSL 128 (Secure Socket Layer) et ne transitent jamais en clair sur le r\u00e9seau. Le paiement est directement effectu\u00e9 aupr\u00e8s de la banque. Malandain Ballet Biarritz n&#8217;a en aucun cas acc\u00e8s \u00e0 ces donn\u00e9es, et nous ne les conservons pas sur un serveur. A chaque commande que vous effectuerez sur le site, nous vous redemanderons donc vos informations de carte bancaire.<\/p>\n<p style=\"text-align: left;\">3- Clause de r\u00e9serve de propri\u00e9t\u00e9 :<\/p>\n<p style=\"text-align: left;\">Les produits demeurent la propri\u00e9t\u00e9 de Malandain Ballet Biarritz jusqu&#8217;au paiement int\u00e9gral de la commande. Toutefois \u00e0 compter de la livraison, les risques li\u00e9s aux marchandises livr\u00e9es sont transf\u00e9r\u00e9s au client.<\/p>\n<p style=\"text-align: left;\">4- D\u00e9faut de paiement :<\/p>\n<p style=\"text-align: left;\">Malandain Ballet Biarritz se r\u00e9serve le droit de refuser d&#8217;effectuer une livraison ou d&#8217;honorer une commande d&#8217;un consommateur qui n&#8217;aurait pas r\u00e9gl\u00e9 totalement ou partiellement une commande pr\u00e9c\u00e9dente ou avec lequel un litige de paiement serait en cours.<\/p>\n<h5 style=\"text-align: left;\">Article 5 : Modalit\u00e9s de livraison<\/h5>\n<p style=\"text-align: left;\">Malandain Ballet Biarritz ne pourra \u00eatre tenu responsable des cons\u00e9quences dues \u00e0 un retard de livraison de la part de La Poste ou de tout autre transporteur.<\/p>\n<p style=\"text-align: left;\">1- G\u00e9n\u00e9ralit\u00e9s :<\/p>\n<p style=\"text-align: left;\">Les produits achet\u00e9s sur le site www.malandainballet.com sont livrables en France m\u00e9tropolitaine et Corse.<\/p>\n<p style=\"text-align: left;\">Pour des raisons de suivi des colis, il nous est impossible de livrer les commandes dans les bases ou autres locaux des arm\u00e9es, h\u00f4pitaux et centres de vacances.<\/p>\n<p style=\"text-align: left;\">2- D\u00e9lais de livraison :<\/p>\n<p style=\"text-align: left;\">La livraison peut varier de 2 \u00e0 3 jours ouvrables pour la France m\u00e9tropolitaine, Corse et Monaco, sous r\u00e9serve de disponibilit\u00e9 des produits (conform\u00e9ment \u00e0 l&#8217;article 2).<\/p>\n<p style=\"text-align: left;\">3- Modes de livraison :<\/p>\n<p style=\"text-align: left;\">Le produit command\u00e9 est livr\u00e9 par voie postale, par un transporteur ind\u00e9pendant, selon la nature du produit command\u00e9 et votre choix, \u00e0 l&#8217;adresse figurant sur le bon de commande.<\/p>\n<p style=\"text-align: left;\">\u00a04- Du colis \u00e0 la livraison :<\/p>\n<p style=\"text-align: left;\">Vous devez v\u00e9rifier la conformit\u00e9 de la marchandise livr\u00e9e au moment de la livraison et\u00a0 ceux avant de signer le bon de livraison (TRANSPORTEUR). Vous devez indiquer sur le bon de livraison et sous forme de r\u00e9serves manuscrites accompagn\u00e9e de votre signature toute anomalie concernant la livraison (produit endommag\u00e9\u2026) ou le cas \u00e9ch\u00e9ant la mention &#8220;Sous r\u00e9serve de d\u00e9ballage&#8221;. Cette v\u00e9rification est consid\u00e9r\u00e9e comme effectu\u00e9e d\u00e8s lors que l&#8217;acheteur, ou une personne autoris\u00e9e par elle, a sign\u00e9 le bon de livraison.<\/p>\n<p style=\"text-align: left;\">Vous devrez \u00e9galement confirmer par courrier recommand\u00e9 ces r\u00e9serves au transporteur dans un d\u00e9lais de 48H suivant la r\u00e9ception du ou des articles et transmettre une copie de ce courrier \u00e0 :<\/p>\n<p style=\"text-align: left;\"><strong>Malandain Ballet Biarritz<br \/>\n<\/strong>Gare du Midi<br \/>\n23, avenue du mar\u00e9chal Foch<br \/>\n64200 BIARRITZ<\/p>\n<p style=\"text-align: left;\">Si les produits n\u00e9cessitent de nous \u00eatre renvoy\u00e9s, ils doivent l&#8217;\u00eatre dans les sept jours ouvr\u00e9s suivant la livraison. Toute r\u00e9clamation formul\u00e9e hors de ce d\u00e9lai ne sera trait\u00e9. Le retour du produit ne pourra \u00eatre accept\u00e9 que pour les produits dans leur \u00e9tat d&#8217;origine (emballage, accessoires, notice\u2026).<\/p>\n<p style=\"text-align: left;\">Si au moment de la livraison, l\u2019emballage d\u2019origine est ab\u00eem\u00e9, d\u00e9chir\u00e9, ouvert, vous devez alors v\u00e9rifier l\u2019\u00e9tat des articles. S\u2019ils ont \u00e9t\u00e9 endommag\u00e9s, vous devez imp\u00e9rativement refuser le colis et noter une r\u00e9serve sur le bordereau de livraison (colis refus\u00e9 car ouvert ou endommag\u00e9). Nous vous rappelons qui si vous refusez le colis le retour est gratuit par la poste sous 72 heures.<\/p>\n<h5 style=\"text-align: left;\">Article 6 : Responsabilit\u00e9s<\/h5>\n<p style=\"text-align: left;\">\u00a0\u00a0 \u00a0\u2022\u00a0\u00a0 \u00a0Malandain Ballet Biarritz ne saurait \u00eatre tenu responsable de l&#8217;inex\u00e9cution du contrat conclu en cas de force majeure, de cas fortuit, de perturbation ou de gr\u00e8ve totale ou partielle notamment des services postaux et moyens de transport et\/ou communications, d&#8217;inondation, d&#8217;incendie<\/p>\n<p style=\"text-align: left;\">\u00a0\u00a0 \u00a0\u2022\u00a0\u00a0 \u00a0Le choix et l\u2019achat d\u2019un produit sont plac\u00e9s sous l\u2019unique responsabilit\u00e9 du client. L&#8217;impossibilit\u00e9 totale ou partielle d&#8217;utiliser les produits notamment pour cause d&#8217;incompatibilit\u00e9 du mat\u00e9riel ne peut donner lieu \u00e0 aucun d\u00e9dommagement, remboursement ou mise en cause de la responsabilit\u00e9 de notre soci\u00e9t\u00e9<\/p>\n<p style=\"text-align: left;\">\u00a0\u00a0 \u00a0\u2022\u00a0\u00a0 \u00a0En cas de non-livraison d&#8217;une commande ou d&#8217;une partie de commande, vous avez un an maximum (\u00e0 compter de la date de d\u00e9part de notre stock) pour vous manifester. Au-del\u00e0 de ce d\u00e9lai nous n&#8217;accepterons aucune r\u00e9clamation.<\/p>\n<h5 style=\"text-align: left;\">Article 7 : Droit de r\u00e9tractation :<\/h5>\n<p style=\"text-align: left;\">Conform\u00e9ment \u00e0 l\u2019article L.121-20 du Code de la Consommation, Le consommateur dispose d&#8217;un d\u00e9lai de sept jours francs pour exercer son droit de r\u00e9tractation sans avoir \u00e0 justifier de motifs ni \u00e0 payer de p\u00e9nalit\u00e9s, \u00e0 l&#8217;exception, le cas \u00e9ch\u00e9ant, des frais de retour. Le consommateur peut d\u00e9roger \u00e0 ce d\u00e9lai au cas o\u00f9 il ne pourrait se d\u00e9placer et o\u00f9 simultan\u00e9ment il aurait besoin de faire appel \u00e0 une prestation imm\u00e9diate et n\u00e9cessaire \u00e0 ses conditions d&#8217;existence. Dans ce cas, il continuerait \u00e0 exercer son droit de r\u00e9tractation sans avoir \u00e0 justifier de motifs ni \u00e0 payer de p\u00e9nalit\u00e9s.<\/p>\n<p style=\"text-align: left;\">Le d\u00e9lai mentionn\u00e9 \u00e0 l&#8217;alin\u00e9a pr\u00e9c\u00e9dent court \u00e0 compter de la r\u00e9ception pour les biens ou de l&#8217;acceptation de l&#8217;offre pour les prestations de services.<\/p>\n<p style=\"text-align: left;\">Lorsque les informations pr\u00e9vues \u00e0 l&#8217;article L. 121-19 n&#8217;ont pas \u00e9t\u00e9 fournies, le d\u00e9lai d&#8217;exercice du droit de r\u00e9tractation est port\u00e9 \u00e0 trois mois. Toutefois, lorsque la fourniture de ces informations intervient dans les trois mois \u00e0 compter de la r\u00e9ception des biens ou de l&#8217;acceptation de l&#8217;offre, elle fait courir le d\u00e9lai de sept jours mentionn\u00e9 au premier alin\u00e9a.<\/p>\n<p style=\"text-align: left;\">Lorsque le d\u00e9lai de sept jours expire un samedi, un dimanche ou un jour f\u00e9ri\u00e9 ou ch\u00f4m\u00e9, il est prorog\u00e9 jusqu&#8217;au premier jour ouvrable suivant.<\/p>\n<ul>\n<li style=\"text-align: left;\">Le produit devra \u00eatre retourn\u00e9 en bon \u00e9tat, accompagn\u00e9 de tous les accessoires (Exemples : notices, outils pour le montage, garanties, etc.), dans son emballage d\u2019origine, et non usag\u00e9<\/li>\n<li style=\"text-align: left;\">Le droit de retour ne pourra \u00eatre exerc\u00e9 pour les articles qui peuvent \u00eatre copi\u00e9s (DVD, Vid\u00e9o, etc.) sauf s\u2019ils nous sont retourn\u00e9s dans les d\u00e9lais et non descell\u00e9s. Proc\u00e9dure de retour :<\/li>\n<li style=\"text-align: left;\">Les frais de retour dans le cas d&#8217;une r\u00e9tractation seront \u00e0 la charge du client<\/li>\n<li style=\"text-align: left;\">Les frais de retour pour un produit d\u00e9clar\u00e9 non conforme \u00e0 la commande, seront pris en charge par Malandain Ballet Biarritz. Sur simple appel t\u00e9l\u00e9phonique. Un affranchissement correspondant au poids du produit \u00e0 retourner vous sera envoy\u00e9 \u00e0 notre charge. Cependant une diff\u00e9rence de bain ou de nuances couleurs entre la photo et le produit ne pourra \u00eatre d\u00e9clar\u00e9 non conforme<\/li>\n<li style=\"text-align: left;\">Le pr\u00e9sent droit de retour ne pourra \u00eatre accept\u00e9 que pour les produits complets, dans leur \u00e9tat d&#8217;origine (emballage, accessoires, notice\u2026) avec une copie de la facture d&#8217;achat. Les articles retourn\u00e9s incomplets, ab\u00eem\u00e9s, endommag\u00e9s ou salis par le client ne sont pas repris, ils seront r\u00e9exp\u00e9di\u00e9s \u00e0 la charge du client<\/li>\n<li style=\"text-align: left;\">Nous nous engageons \u00e0 vous faire un \u00e9change, un avoir ou un remboursement dans un d\u00e9lai maximum de 15 jours apr\u00e8s la r\u00e9ception des produits par nos soins<\/li>\n<li style=\"text-align: left;\">Aucun envoi en contre remboursement ne sera accept\u00e9<\/li>\n<li style=\"text-align: left;\">Dans le cas d&#8217;un remboursement de votre produit que vous auriez re\u00e7u, Malandain Ballet Biarritz vous remboursera le montant des produits factur\u00e9s et dont vous ne seriez pas satisfait mais les frais de port ne seront pas sujet \u00e0 remboursement.<\/li>\n<\/ul>\n<h5 style=\"text-align: left;\">Article 8 : Dispositions informatiques et libert\u00e9s<\/h5>\n<p style=\"text-align: left;\">A tout moment, &#8220;vous disposez d&#8217;un droit d&#8217;acc\u00e8s, de modification, de rectification et de suppression des donn\u00e9es qui vous concernent (art 34 de la loi &#8220;Informatiques et Libert\u00e9s &#8220;du 6 janvier 1978), Par notre interm\u00e9diaire, vous pouvez \u00eatre amen\u00e9 \u00e0 recevoir des propositions de nos partenaires si vous avez coch\u00e9 la case correspondante au moment de la cr\u00e9ation de votre compte client.<\/p>\n<p style=\"text-align: left;\">En conform\u00e9ment avec la loi, la base de donn\u00e9es du site www.malandainballet-boutique.com est d\u00e9clar\u00e9e \u00e0 la CNIL.<\/p>\n<h5 style=\"text-align: left;\">Article 9 : Coordonn\u00e9es de la soci\u00e9t\u00e9 :<\/h5>\n<p style=\"text-align: left;\">Le site malandainballet.com est \u00e9dit\u00e9 par l&#8217;association Malandain Ballet Biarritz,Centre Chor\u00e9graphique National d\u2019Aquitaine en Pyr\u00e9n\u00e9es Atlantiques -Association loi 1901 d\u00e9clar\u00e9e \u00e0 la Pr\u00e9fecture de Bayonne sous le n\u00b0 064 &#8211; n\u00b0 SIRET : 419 590 344 00018<\/p>\n<p style=\"text-align: left;\"><strong>Malandain Ballet Biarritz<br \/>\n<\/strong>Gare du Midi<br \/>\n<span style=\"font-family: inherit; font-size: inherit;\">23, avenue du mar\u00e9chal Foch<br \/>\n<\/span>64200 BIARRITZ<br \/>\nT\u00e9l : +33 5 59 24 67 19<br \/>\nAdresse mail : ccn@malandainballet.com<\/p>\n","protected":false},"excerpt":{"rendered":"<p>Conditions G\u00e9n\u00e9rales de Vente Article 1. Champs d\u2019application et modification des conditions g\u00e9n\u00e9rales de vente Les pr\u00e9sentes conditions g\u00e9n\u00e9rales de&#8230;<\/p>\n","protected":false},"author":1,"featured_media":0,"parent":0,"menu_order":2,"comment_status":"closed","ping_status":"open","template":"","meta":{"footnotes":""},"class_list":["post-8","page","type-page","status-publish","hentry"],"_links":{"self":[{"href":"https:\/\/malandainballet.com\/boutique\/wp-json\/wp\/v2\/pages\/8","targetHints":{"allow":["GET"]}}],"collection":[{"href":"https:\/\/malandainballet.com\/boutique\/wp-json\/wp\/v2\/pages"}],"about":[{"href":"https:\/\/malandainballet.com\/boutique\/wp-json\/wp\/v2\/types\/page"}],"author":[{"embeddable":true,"href":"https:\/\/malandainballet.com\/boutique\/wp-json\/wp\/v2\/users\/1"}],"replies":[{"embeddable":true,"href":"https:\/\/malandainballet.com\/boutique\/wp-json\/wp\/v2\/comments?post=8"}],"version-history":[{"count":5,"href":"https:\/\/malandainballet.com\/boutique\/wp-json\/wp\/v2\/pages\/8\/revisions"}],"predecessor-version":[{"id":2043,"href":"https:\/\/malandainballet.com\/boutique\/wp-json\/wp\/v2\/pages\/8\/revisions\/2043"}],"wp:attachment":[{"href":"https:\/\/malandainballet.com\/boutique\/wp-json\/wp\/v2\/media?parent=8"}],"curies":[{"name":"wp","href":"https:\/\/api.w.org\/{rel}","templated":true}]}}