{"id":7,"date":"2011-11-30T14:40:03","date_gmt":"2011-11-30T13:40:03","guid":{"rendered":"https:\/\/mbbboutique.greenshift.eu\/2011\/11\/30\/mentions-legales\/"},"modified":"2023-11-17T15:46:12","modified_gmt":"2023-11-17T14:46:12","slug":"mentions-legales","status":"publish","type":"page","link":"https:\/\/malandainballet.com\/boutique\/mentions-legales\/","title":{"rendered":"Mentions l\u00e9gales"},"content":{"rendered":"<h3 style=\"text-align: left;\">Mentions L\u00e9gales<\/h3>\n<p style=\"text-align: left;\">Le site malandainballet.com est \u00e9dit\u00e9 par l&#8217;association Malandain Ballet Biarritz,<span style=\"font-family: MuseoSans500, Verdana, Arial, Helvetica, sans-serif; font-size: 11px; font-style: normal; text-align: justify; text-indent: -70.5pt;\">Centre Chor\u00e9graphique National d\u2019Aquitaine en Pyr\u00e9n\u00e9es Atlantiques &#8211;<\/span><span style=\"font-family: MuseoSans500, Verdana, Arial, Helvetica, sans-serif; font-size: 11px; font-style: normal; text-align: justify;\">Association loi 1901 d\u00e9clar\u00e9e \u00e0 la Pr\u00e9fecture de Bayonne sous le n\u00b0 064 &#8211;\u00a0<\/span><span style=\"font-family: MuseoSans500, Verdana, Arial, Helvetica, sans-serif; font-size: 11px; font-style: normal; text-align: justify;\">n\u00b0 SIRET\u00a0: 419 590 344 00018<\/span><\/p>\n<p style=\"text-align: left;\"><strong>Adresse du si\u00e8ge social :<\/strong><\/p>\n<p style=\"text-align: left;\">Malandain Ballet Biarritz<br \/>\nGare du Midi<br \/>\n23, avenue du mar\u00e9chal Foch<br \/>\n64200 BIARRITZ<br \/>\nT\u00e9l : +33 5 59 24 67 19<br \/>\nAdresse mail : <a href=\"mailto:contact@malandainballet-boutique.com\">ccn@malandainballet.com<\/a><\/p>\n<p style=\"text-align: left;\">Directeur de la publication : Thierry Malandain<\/p>\n<p style=\"text-align: left;\"><strong>H\u00e9bergement internet :\u00a0<\/strong><br \/>\nGreenshift SAS<br \/>\n9 rue Campagne Premi\u00e8re<br \/>\n75014 Paris \u2013 France<br \/>\nT\u00e9l : 09 58 54 22 66<\/p>\n<p style=\"text-align: left;\"><strong>Informatique et Libert\u00e9 :<\/strong><\/p>\n<p style=\"text-align: left;\">Le site www.malandainballet-boutique.com a fait l&#8217;objet d&#8217;une d\u00e9claration \u00e0 la CNIL et d&#8217;un enregistrement sous le n\u00b0 xxxxxx<\/p>\n<p>Conform\u00e9ment \u00e0 la Loi Informatique et Libert\u00e9s du 06\/01\/78, nous vous informons que les informations vous concernant sont indispensables au traitement de votre commande et sont, pour ce faire, transmises aux producteurs aupr\u00e8s desquels votre commande est pass\u00e9e.<br \/>\nVous disposez d&#8217;un droit d&#8217;acc\u00e8s, de modification, de rectification et de suppression des donn\u00e9es personnelles vous concernant. Pour exercer ce droit, il vous suffit de nous \u00e9crire \u00e0 l&#8217;adresse du si\u00e8ge social \u00a0ou par mail contact@malandainballet-boutique.com<\/p>\n<p><strong>Conditions G\u00e9n\u00e9rales :<\/strong><\/p>\n<p style=\"text-align: left;\">Nos Conditions G\u00e9n\u00e9rales de Vente sont accessibles \u00e0 tout moment en bas de page sur le site.<\/p>\n<p><strong>Copyright :<\/strong><br \/>\nTous les \u00e9l\u00e9ments ce site, tel que le texte, les graphiques, les logos, les graphismes de bouton, les images, les photos et le logiciel, sont la propri\u00e9t\u00e9 de Malandain Ballet Biarritz. Cr\u00e9dits Photo : \u00a9 Olivier Houeix. Les photos des produits ne sont pas contractuelles.<br \/>\nCes \u00e9l\u00e9ments sont prot\u00e9g\u00e9s par la loi fran\u00e7aise et les lois internationales de protection de la propri\u00e9t\u00e9 intellectuelle.<\/p>\n<p>Le code, l&#8217;agencement, l&#8217;assemblage de tout ou partie d&#8217;un \u00e9l\u00e9ment de ce site est la propri\u00e9t\u00e9 exclusive de Malandain Ballet Biarritz.<\/p>\n<p>N&#8217;importe quelle utilisation, y compris la reproduction m\u00eame partielle, la modification, la distribution, la transmission, l&#8217;affichage du contenu ou de l&#8217;un des \u00e9l\u00e9ments de ce site est strictement interdite sans accord \u00e9crit de Malandain Ballet Biarritz.<\/p>\n<p style=\"text-align: left;\">Tout contrevenant \u00e0 cette protection fera l&#8217;objet de poursuites.<\/p>\n","protected":false},"excerpt":{"rendered":"<p>Mentions L\u00e9gales Le site malandainballet.com est \u00e9dit\u00e9 par l&#8217;association Malandain Ballet Biarritz,Centre Chor\u00e9graphique National d\u2019Aquitaine en Pyr\u00e9n\u00e9es Atlantiques &#8211;Association loi&#8230;<\/p>\n","protected":false},"author":1,"featured_media":0,"parent":0,"menu_order":1,"comment_status":"closed","ping_status":"open","template":"","meta":{"footnotes":""},"class_list":["post-7","page","type-page","status-publish","hentry"],"_links":{"self":[{"href":"https:\/\/malandainballet.com\/boutique\/wp-json\/wp\/v2\/pages\/7","targetHints":{"allow":["GET"]}}],"collection":[{"href":"https:\/\/malandainballet.com\/boutique\/wp-json\/wp\/v2\/pages"}],"about":[{"href":"https:\/\/malandainballet.com\/boutique\/wp-json\/wp\/v2\/types\/page"}],"author":[{"embeddable":true,"href":"https:\/\/malandainballet.com\/boutique\/wp-json\/wp\/v2\/users\/1"}],"replies":[{"embeddable":true,"href":"https:\/\/malandainballet.com\/boutique\/wp-json\/wp\/v2\/comments?post=7"}],"version-history":[{"count":9,"href":"https:\/\/malandainballet.com\/boutique\/wp-json\/wp\/v2\/pages\/7\/revisions"}],"predecessor-version":[{"id":2042,"href":"https:\/\/malandainballet.com\/boutique\/wp-json\/wp\/v2\/pages\/7\/revisions\/2042"}],"wp:attachment":[{"href":"https:\/\/malandainballet.com\/boutique\/wp-json\/wp\/v2\/media?parent=7"}],"curies":[{"name":"wp","href":"https:\/\/api.w.org\/{rel}","templated":true}]}}