{"id":6,"date":"2011-11-30T14:40:03","date_gmt":"2011-11-30T13:40:03","guid":{"rendered":"https:\/\/mbbboutique.greenshift.eu\/2011\/11\/30\/livraison\/"},"modified":"2023-11-17T15:42:00","modified_gmt":"2023-11-17T14:42:00","slug":"livraison","status":"publish","type":"page","link":"https:\/\/malandainballet.com\/boutique\/livraison\/","title":{"rendered":"Livraison"},"content":{"rendered":"<h3 style=\"text-align: left;\">Livraisons et retours<\/h3>\n<h5 style=\"text-align: left;\">Le transport de votre colis<\/h5>\n<p style=\"text-align: left;\">Les colis sont g\u00e9n\u00e9ralement exp\u00e9di\u00e9s en 48h maximum apr\u00e8s r\u00e9ception de votre paiement. Le mode d&#8217;exp\u00e9dition standard est le Colissimo suivi, remis sans signature. Si vous souhaitez une remise avec signature, un co\u00fbt suppl\u00e9mentaire s&#8217;applique, merci de nous contacter.<\/p>\n<p style=\"text-align: left;\">Les frais d&#8217;exp\u00e9dition comprennent l&#8217;emballage, la manutention et les frais postaux. Nous vous conseillons de regrouper vos achats en une unique commande. Nous ne pouvons pas grouper deux commandes distinctes et vous devrez vous acquitter des frais de port pour chacune d&#8217;entre elles. Votre colis est exp\u00e9di\u00e9 \u00e0 vos propres risques, un soin particulier est apport\u00e9 au colis contenant des produits fragiles.<\/p>\n<p>Les colis sont surdimensionn\u00e9s et prot\u00e9g\u00e9s.<\/p>\n<p style=\"text-align: left;\">Nous livrons les programmes par courrier poste standard.<\/p>\n<p style=\"text-align: left;\">Nous livrons partout dans le monde via Colissimo International. Dans ce cas les d\u00e9lais de livraison peuvent varier de 4 \u00e0 8 jours.<\/p>\n","protected":false},"excerpt":{"rendered":"<p>Livraisons et retours Le transport de votre colis Les colis sont g\u00e9n\u00e9ralement exp\u00e9di\u00e9s en 48h maximum apr\u00e8s r\u00e9ception de votre&#8230;<\/p>\n","protected":false},"author":1,"featured_media":0,"parent":0,"menu_order":0,"comment_status":"closed","ping_status":"open","template":"","meta":{"footnotes":""},"class_list":["post-6","page","type-page","status-publish","hentry"],"_links":{"self":[{"href":"https:\/\/malandainballet.com\/boutique\/wp-json\/wp\/v2\/pages\/6","targetHints":{"allow":["GET"]}}],"collection":[{"href":"https:\/\/malandainballet.com\/boutique\/wp-json\/wp\/v2\/pages"}],"about":[{"href":"https:\/\/malandainballet.com\/boutique\/wp-json\/wp\/v2\/types\/page"}],"author":[{"embeddable":true,"href":"https:\/\/malandainballet.com\/boutique\/wp-json\/wp\/v2\/users\/1"}],"replies":[{"embeddable":true,"href":"https:\/\/malandainballet.com\/boutique\/wp-json\/wp\/v2\/comments?post=6"}],"version-history":[{"count":18,"href":"https:\/\/malandainballet.com\/boutique\/wp-json\/wp\/v2\/pages\/6\/revisions"}],"predecessor-version":[{"id":2039,"href":"https:\/\/malandainballet.com\/boutique\/wp-json\/wp\/v2\/pages\/6\/revisions\/2039"}],"wp:attachment":[{"href":"https:\/\/malandainballet.com\/boutique\/wp-json\/wp\/v2\/media?parent=6"}],"curies":[{"name":"wp","href":"https:\/\/api.w.org\/{rel}","templated":true}]}}