{"id":10,"date":"2011-11-30T14:40:03","date_gmt":"2011-11-30T13:40:03","guid":{"rendered":"https:\/\/mbbboutique.greenshift.eu\/2011\/11\/30\/concept\/"},"modified":"2023-11-30T17:21:25","modified_gmt":"2023-11-30T16:21:25","slug":"concept","status":"publish","type":"page","link":"https:\/\/malandainballet.com\/boutique\/","title":{"rendered":"Accueil"},"content":{"rendered":"<table style=\"width: 1170px; background-image: url('\/themes\/malandain\/img\/concept.jpg'); height: 425px;\" border=\"0\">\n<tbody>\n<tr>\n<td style=\"width: 300px; height: 425px; text-align: left; background-color: #ebebeb;\">\n<div>\n<div id=\"editorial_block_center\" class=\"editorial_block\">\n<div class=\"rte\">\n<p>Envie de prolonger les \u00e9motions de nos spectacles, de vous offrir un livre de photographies sur le Malandain Ballet Biarritz, des DVDs, affiches\u2026<\/p>\n<p>Nous esp\u00e9rons que notre Boutique en ligne vous satisfera pleinement et saura v\u00e9hiculer fid\u00e8lement les valeurs de notre Ballet.<\/p>\n<\/div>\n<\/div>\n<\/div>\n<\/td>\n<td style=\"height: 425px; vertical-align: middle; padding-left: 50px; padding-right: 50px;\">\n<p style=\"text-align: justify;\"><\/p>\n<\/td>\n<\/tr>\n<\/tbody>\n<\/table>\n","protected":false},"excerpt":{"rendered":"<p>Envie de prolonger les \u00e9motions de nos spectacles, de vous offrir un livre de photographies sur le Malandain Ballet Biarritz,&#8230;<\/p>\n","protected":false},"author":1,"featured_media":1861,"parent":0,"menu_order":4,"comment_status":"closed","ping_status":"open","template":"","meta":{"footnotes":""},"class_list":["post-10","page","type-page","status-publish","has-post-thumbnail","hentry"],"_links":{"self":[{"href":"https:\/\/malandainballet.com\/boutique\/wp-json\/wp\/v2\/pages\/10","targetHints":{"allow":["GET"]}}],"collection":[{"href":"https:\/\/malandainballet.com\/boutique\/wp-json\/wp\/v2\/pages"}],"about":[{"href":"https:\/\/malandainballet.com\/boutique\/wp-json\/wp\/v2\/types\/page"}],"author":[{"embeddable":true,"href":"https:\/\/malandainballet.com\/boutique\/wp-json\/wp\/v2\/users\/1"}],"replies":[{"embeddable":true,"href":"https:\/\/malandainballet.com\/boutique\/wp-json\/wp\/v2\/comments?post=10"}],"version-history":[{"count":17,"href":"https:\/\/malandainballet.com\/boutique\/wp-json\/wp\/v2\/pages\/10\/revisions"}],"predecessor-version":[{"id":2081,"href":"https:\/\/malandainballet.com\/boutique\/wp-json\/wp\/v2\/pages\/10\/revisions\/2081"}],"wp:featuredmedia":[{"embeddable":true,"href":"https:\/\/malandainballet.com\/boutique\/wp-json\/wp\/v2\/media\/1861"}],"wp:attachment":[{"href":"https:\/\/malandainballet.com\/boutique\/wp-json\/wp\/v2\/media?parent=10"}],"curies":[{"name":"wp","href":"https:\/\/api.w.org\/{rel}","templated":true}]}}